{"id":54,"date":"2024-09-03T10:24:00","date_gmt":"2024-09-03T13:24:00","guid":{"rendered":"https:\/\/fittipaldigomara.com.br\/?page_id=54"},"modified":"2026-04-02T12:53:23","modified_gmt":"2026-04-02T15:53:23","slug":"profissionais","status":"publish","type":"page","link":"https:\/\/fittipaldigomara.com.br\/en\/profissionais\/","title":{"rendered":"Professionals"},"content":{"rendered":"<p><strong>Let\u2019s work together<\/strong><\/p>\n<p>We believe outstanding legal work starts with the right environment &#8211; one that is open-minded, respectful, and genuinely engaging.<\/p>\n<p>Every single professional of FittipaldiG\u00f4mara Advogados is committed to delivering high-quality work while building long-term, trust-driven relationships with our clients.<\/p>\n<p>Our approach is deeply grounded in our principles aiming at rendering tailored, practical and effective legal solutions.<\/p>","protected":false},"excerpt":{"rendered":"<p>Respect and collaboration are at the core of how we work. We believe that a positive, engaging, and supportive environment enables our professionals to perform at their best.<\/p>\n<p>We invest in continuous development and actively encourage innovation. Our commitment to quality starts internally  and is reflected in every service and solution we deliver.<\/p>\n","protected":false},"author":1,"featured_media":164,"parent":0,"menu_order":0,"comment_status":"closed","ping_status":"closed","template":"page-profissionais.php","meta":{"_acf_changed":false,"footnotes":""},"class_list":["post-54","page","type-page","status-publish","has-post-thumbnail","hentry"],"acf":[],"yoast_head":"<!-- This site is optimized with the Yoast SEO plugin v26.8 - https:\/\/yoast.com\/product\/yoast-seo-wordpress\/ -->\n<title>Professionals - Fittipaldi G\u00f4mara<\/title>\n<meta name=\"robots\" content=\"index, follow, max-snippet:-1, max-image-preview:large, max-video-preview:-1\" \/>\n<link rel=\"canonical\" href=\"https:\/\/fittipaldigomara.com.br\/profissionais\/\" \/>\n<meta property=\"og:locale\" content=\"en_US\" \/>\n<meta property=\"og:type\" content=\"article\" \/>\n<meta property=\"og:title\" content=\"[:pb]Profissionais[:en]Professionals[:] - Fittipaldi G\u00f4mara\" \/>\n<meta property=\"og:description\" content=\"[:pb]Aqui, respeito e colabora\u00e7\u00e3o s\u00e3o pilares fundamentais. Acreditamos que um ambiente de trabalho positivo e motivador \u00e9 essencial para que nossos profissionais possam desempenhar suas fun\u00e7\u00f5es com excel\u00eancia.  Valorizamos o desenvolvimento cont\u00ednuo e incentivamos a busca por inova\u00e7\u00e3o. Nosso compromisso com a qualidade come\u00e7a internamente, refletindo diretamente no atendimento e nas solu\u00e7\u00f5es que oferecemos.[:en]Respect and collaboration are at the core of how we work. We believe that a positive, engaging, and supportive environment enables our professionals to perform at their best.  We invest in continuous development and actively encourage innovation. Our commitment to quality starts internally and is reflected in every service and solution we deliver. [:]\" \/>\n<meta property=\"og:url\" content=\"https:\/\/fittipaldigomara.com.br\/profissionais\/\" \/>\n<meta property=\"og:site_name\" content=\"Fittipaldi G\u00f4mara\" \/>\n<meta property=\"article:modified_time\" content=\"2026-04-02T15:53:23+00:00\" \/>\n<meta property=\"og:image\" content=\"https:\/\/fittipaldigomara.com.br\/wp-content\/uploads\/2024\/09\/Profissionais-Grafismo.png\" \/>\n\t<meta property=\"og:image:width\" content=\"575\" \/>\n\t<meta property=\"og:image:height\" content=\"430\" \/>\n\t<meta property=\"og:image:type\" content=\"image\/png\" \/>\n<meta name=\"twitter:card\" content=\"summary_large_image\" \/>\n<meta name=\"twitter:label1\" content=\"Est. reading time\" \/>\n\t<meta name=\"twitter:data1\" content=\"1 minute\" \/>\n<script type=\"application\/ld+json\" class=\"yoast-schema-graph\">{\"@context\":\"https:\/\/schema.org\",\"@graph\":[{\"@type\":\"WebPage\",\"@id\":\"https:\/\/fittipaldigomara.com.br\/profissionais\/\",\"url\":\"https:\/\/fittipaldigomara.com.br\/profissionais\/\",\"name\":\"[:pb]Profissionais[:en]Professionals[:] - Fittipaldi G\u00f4mara\",\"isPartOf\":{\"@id\":\"https:\/\/fittipaldigomara.com.br\/en\/#website\"},\"primaryImageOfPage\":{\"@id\":\"https:\/\/fittipaldigomara.com.br\/profissionais\/#primaryimage\"},\"image\":{\"@id\":\"https:\/\/fittipaldigomara.com.br\/profissionais\/#primaryimage\"},\"thumbnailUrl\":\"https:\/\/fittipaldigomara.com.br\/wp-content\/uploads\/2024\/09\/Profissionais-Grafismo.png\",\"datePublished\":\"2024-09-03T13:24:00+00:00\",\"dateModified\":\"2026-04-02T15:53:23+00:00\",\"breadcrumb\":{\"@id\":\"https:\/\/fittipaldigomara.com.br\/profissionais\/#breadcrumb\"},\"inLanguage\":\"en-US\",\"potentialAction\":[{\"@type\":\"ReadAction\",\"target\":[\"https:\/\/fittipaldigomara.com.br\/profissionais\/\"]}]},{\"@type\":\"ImageObject\",\"inLanguage\":\"en-US\",\"@id\":\"https:\/\/fittipaldigomara.com.br\/profissionais\/#primaryimage\",\"url\":\"https:\/\/fittipaldigomara.com.br\/wp-content\/uploads\/2024\/09\/Profissionais-Grafismo.png\",\"contentUrl\":\"https:\/\/fittipaldigomara.com.br\/wp-content\/uploads\/2024\/09\/Profissionais-Grafismo.png\",\"width\":575,\"height\":430},{\"@type\":\"BreadcrumbList\",\"@id\":\"https:\/\/fittipaldigomara.com.br\/profissionais\/#breadcrumb\",\"itemListElement\":[{\"@type\":\"ListItem\",\"position\":1,\"name\":\"In\u00edcio\",\"item\":\"https:\/\/fittipaldigomara.com.br\/\"},{\"@type\":\"ListItem\",\"position\":2,\"name\":\"Profissionais\"}]},{\"@type\":\"WebSite\",\"@id\":\"https:\/\/fittipaldigomara.com.br\/en\/#website\",\"url\":\"https:\/\/fittipaldigomara.com.br\/en\/\",\"name\":\"[:pb]Fittipaldi G\u00f4mara Advogados[:en]Fittipaldi G\u00f4mara[:]\",\"description\":\"\",\"publisher\":{\"@id\":\"https:\/\/fittipaldigomara.com.br\/en\/#organization\"},\"potentialAction\":[{\"@type\":\"SearchAction\",\"target\":{\"@type\":\"EntryPoint\",\"urlTemplate\":\"https:\/\/fittipaldigomara.com.br\/en\/?s={search_term_string}\"},\"query-input\":{\"@type\":\"PropertyValueSpecification\",\"valueRequired\":true,\"valueName\":\"search_term_string\"}}],\"inLanguage\":\"en-US\"},{\"@type\":\"Organization\",\"@id\":\"https:\/\/fittipaldigomara.com.br\/en\/#organization\",\"name\":\"[:pb]Fittipaldi G\u00f4mara Advogados[:en]Fittipaldi G\u00f4mara[:]\",\"url\":\"https:\/\/fittipaldigomara.com.br\/en\/\",\"logo\":{\"@type\":\"ImageObject\",\"inLanguage\":\"en-US\",\"@id\":\"https:\/\/fittipaldigomara.com.br\/en\/#\/schema\/logo\/image\/\",\"url\":\"https:\/\/fittipaldigomara.com.br\/wp-content\/uploads\/2024\/10\/logoFGAAtivo-3.png\",\"contentUrl\":\"https:\/\/fittipaldigomara.com.br\/wp-content\/uploads\/2024\/10\/logoFGAAtivo-3.png\",\"width\":229,\"height\":67,\"caption\":\"[:pb]Fittipaldi G\u00f4mara Advogados[:en]Fittipaldi G\u00f4mara[:]\"},\"image\":{\"@id\":\"https:\/\/fittipaldigomara.com.br\/en\/#\/schema\/logo\/image\/\"},\"sameAs\":[\"https:\/\/www.instagram.com\/fittipaldigomara\",\"https:\/\/www.linkedin.com\/company\/fittipaldigomara\/\"]}]}<\/script>\n<!-- \/ Yoast SEO plugin. -->","yoast_head_json":{"title":"[:pb]Profissionais[:en]Professionals[:] - Fittipaldi G\u00f4mara","robots":{"index":"index","follow":"follow","max-snippet":"max-snippet:-1","max-image-preview":"max-image-preview:large","max-video-preview":"max-video-preview:-1"},"canonical":"https:\/\/fittipaldigomara.com.br\/profissionais\/","og_locale":"en_US","og_type":"article","og_title":"[:pb]Profissionais[:en]Professionals[:] - Fittipaldi G\u00f4mara","og_description":"[:pb]Aqui, respeito e colabora\u00e7\u00e3o s\u00e3o pilares fundamentais. Acreditamos que um ambiente de trabalho positivo e motivador \u00e9 essencial para que nossos profissionais possam desempenhar suas fun\u00e7\u00f5es com excel\u00eancia.  Valorizamos o desenvolvimento cont\u00ednuo e incentivamos a busca por inova\u00e7\u00e3o. Nosso compromisso com a qualidade come\u00e7a internamente, refletindo diretamente no atendimento e nas solu\u00e7\u00f5es que oferecemos.[:en]Respect and collaboration are at the core of how we work. We believe that a positive, engaging, and supportive environment enables our professionals to perform at their best.  We invest in continuous development and actively encourage innovation. Our commitment to quality starts internally and is reflected in every service and solution we deliver. [:]","og_url":"https:\/\/fittipaldigomara.com.br\/profissionais\/","og_site_name":"Fittipaldi G\u00f4mara","article_modified_time":"2026-04-02T15:53:23+00:00","og_image":[{"width":575,"height":430,"url":"https:\/\/fittipaldigomara.com.br\/wp-content\/uploads\/2024\/09\/Profissionais-Grafismo.png","type":"image\/png"}],"twitter_card":"summary_large_image","twitter_misc":{"Est. reading time":"1 minute"},"schema":{"@context":"https:\/\/schema.org","@graph":[{"@type":"WebPage","@id":"https:\/\/fittipaldigomara.com.br\/profissionais\/","url":"https:\/\/fittipaldigomara.com.br\/profissionais\/","name":"[:pb]Profissionais[:en]Professionals[:] - Fittipaldi G\u00f4mara","isPartOf":{"@id":"https:\/\/fittipaldigomara.com.br\/en\/#website"},"primaryImageOfPage":{"@id":"https:\/\/fittipaldigomara.com.br\/profissionais\/#primaryimage"},"image":{"@id":"https:\/\/fittipaldigomara.com.br\/profissionais\/#primaryimage"},"thumbnailUrl":"https:\/\/fittipaldigomara.com.br\/wp-content\/uploads\/2024\/09\/Profissionais-Grafismo.png","datePublished":"2024-09-03T13:24:00+00:00","dateModified":"2026-04-02T15:53:23+00:00","breadcrumb":{"@id":"https:\/\/fittipaldigomara.com.br\/profissionais\/#breadcrumb"},"inLanguage":"en-US","potentialAction":[{"@type":"ReadAction","target":["https:\/\/fittipaldigomara.com.br\/profissionais\/"]}]},{"@type":"ImageObject","inLanguage":"en-US","@id":"https:\/\/fittipaldigomara.com.br\/profissionais\/#primaryimage","url":"https:\/\/fittipaldigomara.com.br\/wp-content\/uploads\/2024\/09\/Profissionais-Grafismo.png","contentUrl":"https:\/\/fittipaldigomara.com.br\/wp-content\/uploads\/2024\/09\/Profissionais-Grafismo.png","width":575,"height":430},{"@type":"BreadcrumbList","@id":"https:\/\/fittipaldigomara.com.br\/profissionais\/#breadcrumb","itemListElement":[{"@type":"ListItem","position":1,"name":"In\u00edcio","item":"https:\/\/fittipaldigomara.com.br\/"},{"@type":"ListItem","position":2,"name":"Profissionais"}]},{"@type":"WebSite","@id":"https:\/\/fittipaldigomara.com.br\/en\/#website","url":"https:\/\/fittipaldigomara.com.br\/en\/","name":"[:pb]Fittipaldi G\u00f4mara Advogados[:en]Fittipaldi G\u00f4mara[:]","description":"","publisher":{"@id":"https:\/\/fittipaldigomara.com.br\/en\/#organization"},"potentialAction":[{"@type":"SearchAction","target":{"@type":"EntryPoint","urlTemplate":"https:\/\/fittipaldigomara.com.br\/en\/?s={search_term_string}"},"query-input":{"@type":"PropertyValueSpecification","valueRequired":true,"valueName":"search_term_string"}}],"inLanguage":"en-US"},{"@type":"Organization","@id":"https:\/\/fittipaldigomara.com.br\/en\/#organization","name":"[:pb]Fittipaldi G\u00f4mara Advogados[:en]Fittipaldi G\u00f4mara[:]","url":"https:\/\/fittipaldigomara.com.br\/en\/","logo":{"@type":"ImageObject","inLanguage":"en-US","@id":"https:\/\/fittipaldigomara.com.br\/en\/#\/schema\/logo\/image\/","url":"https:\/\/fittipaldigomara.com.br\/wp-content\/uploads\/2024\/10\/logoFGAAtivo-3.png","contentUrl":"https:\/\/fittipaldigomara.com.br\/wp-content\/uploads\/2024\/10\/logoFGAAtivo-3.png","width":229,"height":67,"caption":"[:pb]Fittipaldi G\u00f4mara Advogados[:en]Fittipaldi G\u00f4mara[:]"},"image":{"@id":"https:\/\/fittipaldigomara.com.br\/en\/#\/schema\/logo\/image\/"},"sameAs":["https:\/\/www.instagram.com\/fittipaldigomara","https:\/\/www.linkedin.com\/company\/fittipaldigomara\/"]}]}},"_links":{"self":[{"href":"https:\/\/fittipaldigomara.com.br\/en\/wp-json\/wp\/v2\/pages\/54","targetHints":{"allow":["GET"]}}],"collection":[{"href":"https:\/\/fittipaldigomara.com.br\/en\/wp-json\/wp\/v2\/pages"}],"about":[{"href":"https:\/\/fittipaldigomara.com.br\/en\/wp-json\/wp\/v2\/types\/page"}],"author":[{"embeddable":true,"href":"https:\/\/fittipaldigomara.com.br\/en\/wp-json\/wp\/v2\/users\/1"}],"replies":[{"embeddable":true,"href":"https:\/\/fittipaldigomara.com.br\/en\/wp-json\/wp\/v2\/comments?post=54"}],"version-history":[{"count":5,"href":"https:\/\/fittipaldigomara.com.br\/en\/wp-json\/wp\/v2\/pages\/54\/revisions"}],"predecessor-version":[{"id":494,"href":"https:\/\/fittipaldigomara.com.br\/en\/wp-json\/wp\/v2\/pages\/54\/revisions\/494"}],"wp:featuredmedia":[{"embeddable":true,"href":"https:\/\/fittipaldigomara.com.br\/en\/wp-json\/wp\/v2\/media\/164"}],"wp:attachment":[{"href":"https:\/\/fittipaldigomara.com.br\/en\/wp-json\/wp\/v2\/media?parent=54"}],"curies":[{"name":"wp","href":"https:\/\/api.w.org\/{rel}","templated":true}]}}