{"id":50,"date":"2024-09-03T10:23:47","date_gmt":"2024-09-03T13:23:47","guid":{"rendered":"https:\/\/fittipaldigomara.com.br\/?page_id=50"},"modified":"2026-04-07T09:25:50","modified_gmt":"2026-04-07T12:25:50","slug":"quem-somos","status":"publish","type":"page","link":"https:\/\/fittipaldigomara.com.br\/en\/quem-somos\/","title":{"rendered":"About Us"},"content":{"rendered":"<p><\/p>\n<h2>FittipaldiG\u00f4mara DNA<\/h2>\n<p>FittipaldiG\u00f4mara Advogados brings together tradition and innovation to render high-quality employment and social security legal services.<\/p>\n<p>We believe every subject-matter is unique just like every client.<\/p>","protected":false},"excerpt":{"rendered":"<p>FittipaldiG\u00f4mara DNA FittipaldiG\u00f4mara Advogados brings together tradition and innovation to render high-quality employment and social security legal services. We believe every subject-matter is unique just [&hellip;]<\/p>\n","protected":false},"author":1,"featured_media":165,"parent":0,"menu_order":0,"comment_status":"closed","ping_status":"closed","template":"page-sobre.php","meta":{"_acf_changed":false,"footnotes":""},"class_list":["post-50","page","type-page","status-publish","has-post-thumbnail","hentry"],"acf":[],"yoast_head":"<!-- This site is optimized with the Yoast SEO plugin v26.8 - https:\/\/yoast.com\/product\/yoast-seo-wordpress\/ -->\n<title>About Us - Fittipaldi G\u00f4mara<\/title>\n<meta name=\"robots\" content=\"index, follow, max-snippet:-1, max-image-preview:large, max-video-preview:-1\" \/>\n<link rel=\"canonical\" href=\"https:\/\/fittipaldigomara.com.br\/quem-somos\/\" \/>\n<meta property=\"og:locale\" content=\"en_US\" \/>\n<meta property=\"og:type\" content=\"article\" \/>\n<meta property=\"og:title\" content=\"[:pb]Quem somos[:en]About Us[:] - Fittipaldi G\u00f4mara\" \/>\n<meta property=\"og:description\" content=\"FittipaldiG\u00f4mara DNA FittipaldiG\u00f4mara Advogados brings together tradition and innovation to render high-quality employment and social security legal services. We believe every subject-matter is unique just [&hellip;]\" \/>\n<meta property=\"og:url\" content=\"https:\/\/fittipaldigomara.com.br\/quem-somos\/\" \/>\n<meta property=\"og:site_name\" content=\"Fittipaldi G\u00f4mara\" \/>\n<meta property=\"article:modified_time\" content=\"2026-04-07T12:25:50+00:00\" \/>\n<meta property=\"og:image\" content=\"https:\/\/fittipaldigomara.com.br\/wp-content\/uploads\/2024\/09\/DNA.jpg\" \/>\n\t<meta property=\"og:image:width\" content=\"1921\" \/>\n\t<meta property=\"og:image:height\" content=\"1282\" \/>\n\t<meta property=\"og:image:type\" content=\"image\/jpeg\" \/>\n<meta name=\"twitter:card\" content=\"summary_large_image\" \/>\n<meta name=\"twitter:label1\" content=\"Est. reading time\" \/>\n\t<meta name=\"twitter:data1\" content=\"1 minute\" \/>\n<script type=\"application\/ld+json\" class=\"yoast-schema-graph\">{\"@context\":\"https:\/\/schema.org\",\"@graph\":[{\"@type\":\"WebPage\",\"@id\":\"https:\/\/fittipaldigomara.com.br\/quem-somos\/\",\"url\":\"https:\/\/fittipaldigomara.com.br\/quem-somos\/\",\"name\":\"[:pb]Quem somos[:en]About Us[:] - Fittipaldi G\u00f4mara\",\"isPartOf\":{\"@id\":\"https:\/\/fittipaldigomara.com.br\/en\/#website\"},\"primaryImageOfPage\":{\"@id\":\"https:\/\/fittipaldigomara.com.br\/quem-somos\/#primaryimage\"},\"image\":{\"@id\":\"https:\/\/fittipaldigomara.com.br\/quem-somos\/#primaryimage\"},\"thumbnailUrl\":\"https:\/\/fittipaldigomara.com.br\/wp-content\/uploads\/2024\/09\/DNA.jpg\",\"datePublished\":\"2024-09-03T13:23:47+00:00\",\"dateModified\":\"2026-04-07T12:25:50+00:00\",\"breadcrumb\":{\"@id\":\"https:\/\/fittipaldigomara.com.br\/quem-somos\/#breadcrumb\"},\"inLanguage\":\"en-US\",\"potentialAction\":[{\"@type\":\"ReadAction\",\"target\":[\"https:\/\/fittipaldigomara.com.br\/quem-somos\/\"]}]},{\"@type\":\"ImageObject\",\"inLanguage\":\"en-US\",\"@id\":\"https:\/\/fittipaldigomara.com.br\/quem-somos\/#primaryimage\",\"url\":\"https:\/\/fittipaldigomara.com.br\/wp-content\/uploads\/2024\/09\/DNA.jpg\",\"contentUrl\":\"https:\/\/fittipaldigomara.com.br\/wp-content\/uploads\/2024\/09\/DNA.jpg\",\"width\":1921,\"height\":1282},{\"@type\":\"BreadcrumbList\",\"@id\":\"https:\/\/fittipaldigomara.com.br\/quem-somos\/#breadcrumb\",\"itemListElement\":[{\"@type\":\"ListItem\",\"position\":1,\"name\":\"In\u00edcio\",\"item\":\"https:\/\/fittipaldigomara.com.br\/\"},{\"@type\":\"ListItem\",\"position\":2,\"name\":\"Quem somos\"}]},{\"@type\":\"WebSite\",\"@id\":\"https:\/\/fittipaldigomara.com.br\/en\/#website\",\"url\":\"https:\/\/fittipaldigomara.com.br\/en\/\",\"name\":\"[:pb]Fittipaldi G\u00f4mara Advogados[:en]Fittipaldi G\u00f4mara[:]\",\"description\":\"\",\"publisher\":{\"@id\":\"https:\/\/fittipaldigomara.com.br\/en\/#organization\"},\"potentialAction\":[{\"@type\":\"SearchAction\",\"target\":{\"@type\":\"EntryPoint\",\"urlTemplate\":\"https:\/\/fittipaldigomara.com.br\/en\/?s={search_term_string}\"},\"query-input\":{\"@type\":\"PropertyValueSpecification\",\"valueRequired\":true,\"valueName\":\"search_term_string\"}}],\"inLanguage\":\"en-US\"},{\"@type\":\"Organization\",\"@id\":\"https:\/\/fittipaldigomara.com.br\/en\/#organization\",\"name\":\"[:pb]Fittipaldi G\u00f4mara Advogados[:en]Fittipaldi G\u00f4mara[:]\",\"url\":\"https:\/\/fittipaldigomara.com.br\/en\/\",\"logo\":{\"@type\":\"ImageObject\",\"inLanguage\":\"en-US\",\"@id\":\"https:\/\/fittipaldigomara.com.br\/en\/#\/schema\/logo\/image\/\",\"url\":\"https:\/\/fittipaldigomara.com.br\/wp-content\/uploads\/2024\/10\/logoFGAAtivo-3.png\",\"contentUrl\":\"https:\/\/fittipaldigomara.com.br\/wp-content\/uploads\/2024\/10\/logoFGAAtivo-3.png\",\"width\":229,\"height\":67,\"caption\":\"[:pb]Fittipaldi G\u00f4mara Advogados[:en]Fittipaldi G\u00f4mara[:]\"},\"image\":{\"@id\":\"https:\/\/fittipaldigomara.com.br\/en\/#\/schema\/logo\/image\/\"},\"sameAs\":[\"https:\/\/www.instagram.com\/fittipaldigomara\",\"https:\/\/www.linkedin.com\/company\/fittipaldigomara\/\"]}]}<\/script>\n<!-- \/ Yoast SEO plugin. -->","yoast_head_json":{"title":"[:pb]Quem somos[:en]About Us[:] - Fittipaldi G\u00f4mara","robots":{"index":"index","follow":"follow","max-snippet":"max-snippet:-1","max-image-preview":"max-image-preview:large","max-video-preview":"max-video-preview:-1"},"canonical":"https:\/\/fittipaldigomara.com.br\/quem-somos\/","og_locale":"en_US","og_type":"article","og_title":"[:pb]Quem somos[:en]About Us[:] - Fittipaldi G\u00f4mara","og_description":"FittipaldiG\u00f4mara DNA FittipaldiG\u00f4mara Advogados brings together tradition and innovation to render high-quality employment and social security legal services. We believe every subject-matter is unique just [&hellip;]","og_url":"https:\/\/fittipaldigomara.com.br\/quem-somos\/","og_site_name":"Fittipaldi G\u00f4mara","article_modified_time":"2026-04-07T12:25:50+00:00","og_image":[{"width":1921,"height":1282,"url":"https:\/\/fittipaldigomara.com.br\/wp-content\/uploads\/2024\/09\/DNA.jpg","type":"image\/jpeg"}],"twitter_card":"summary_large_image","twitter_misc":{"Est. reading time":"1 minute"},"schema":{"@context":"https:\/\/schema.org","@graph":[{"@type":"WebPage","@id":"https:\/\/fittipaldigomara.com.br\/quem-somos\/","url":"https:\/\/fittipaldigomara.com.br\/quem-somos\/","name":"[:pb]Quem somos[:en]About Us[:] - Fittipaldi G\u00f4mara","isPartOf":{"@id":"https:\/\/fittipaldigomara.com.br\/en\/#website"},"primaryImageOfPage":{"@id":"https:\/\/fittipaldigomara.com.br\/quem-somos\/#primaryimage"},"image":{"@id":"https:\/\/fittipaldigomara.com.br\/quem-somos\/#primaryimage"},"thumbnailUrl":"https:\/\/fittipaldigomara.com.br\/wp-content\/uploads\/2024\/09\/DNA.jpg","datePublished":"2024-09-03T13:23:47+00:00","dateModified":"2026-04-07T12:25:50+00:00","breadcrumb":{"@id":"https:\/\/fittipaldigomara.com.br\/quem-somos\/#breadcrumb"},"inLanguage":"en-US","potentialAction":[{"@type":"ReadAction","target":["https:\/\/fittipaldigomara.com.br\/quem-somos\/"]}]},{"@type":"ImageObject","inLanguage":"en-US","@id":"https:\/\/fittipaldigomara.com.br\/quem-somos\/#primaryimage","url":"https:\/\/fittipaldigomara.com.br\/wp-content\/uploads\/2024\/09\/DNA.jpg","contentUrl":"https:\/\/fittipaldigomara.com.br\/wp-content\/uploads\/2024\/09\/DNA.jpg","width":1921,"height":1282},{"@type":"BreadcrumbList","@id":"https:\/\/fittipaldigomara.com.br\/quem-somos\/#breadcrumb","itemListElement":[{"@type":"ListItem","position":1,"name":"In\u00edcio","item":"https:\/\/fittipaldigomara.com.br\/"},{"@type":"ListItem","position":2,"name":"Quem somos"}]},{"@type":"WebSite","@id":"https:\/\/fittipaldigomara.com.br\/en\/#website","url":"https:\/\/fittipaldigomara.com.br\/en\/","name":"[:pb]Fittipaldi G\u00f4mara Advogados[:en]Fittipaldi G\u00f4mara[:]","description":"","publisher":{"@id":"https:\/\/fittipaldigomara.com.br\/en\/#organization"},"potentialAction":[{"@type":"SearchAction","target":{"@type":"EntryPoint","urlTemplate":"https:\/\/fittipaldigomara.com.br\/en\/?s={search_term_string}"},"query-input":{"@type":"PropertyValueSpecification","valueRequired":true,"valueName":"search_term_string"}}],"inLanguage":"en-US"},{"@type":"Organization","@id":"https:\/\/fittipaldigomara.com.br\/en\/#organization","name":"[:pb]Fittipaldi G\u00f4mara Advogados[:en]Fittipaldi G\u00f4mara[:]","url":"https:\/\/fittipaldigomara.com.br\/en\/","logo":{"@type":"ImageObject","inLanguage":"en-US","@id":"https:\/\/fittipaldigomara.com.br\/en\/#\/schema\/logo\/image\/","url":"https:\/\/fittipaldigomara.com.br\/wp-content\/uploads\/2024\/10\/logoFGAAtivo-3.png","contentUrl":"https:\/\/fittipaldigomara.com.br\/wp-content\/uploads\/2024\/10\/logoFGAAtivo-3.png","width":229,"height":67,"caption":"[:pb]Fittipaldi G\u00f4mara Advogados[:en]Fittipaldi G\u00f4mara[:]"},"image":{"@id":"https:\/\/fittipaldigomara.com.br\/en\/#\/schema\/logo\/image\/"},"sameAs":["https:\/\/www.instagram.com\/fittipaldigomara","https:\/\/www.linkedin.com\/company\/fittipaldigomara\/"]}]}},"_links":{"self":[{"href":"https:\/\/fittipaldigomara.com.br\/en\/wp-json\/wp\/v2\/pages\/50","targetHints":{"allow":["GET"]}}],"collection":[{"href":"https:\/\/fittipaldigomara.com.br\/en\/wp-json\/wp\/v2\/pages"}],"about":[{"href":"https:\/\/fittipaldigomara.com.br\/en\/wp-json\/wp\/v2\/types\/page"}],"author":[{"embeddable":true,"href":"https:\/\/fittipaldigomara.com.br\/en\/wp-json\/wp\/v2\/users\/1"}],"replies":[{"embeddable":true,"href":"https:\/\/fittipaldigomara.com.br\/en\/wp-json\/wp\/v2\/comments?post=50"}],"version-history":[{"count":3,"href":"https:\/\/fittipaldigomara.com.br\/en\/wp-json\/wp\/v2\/pages\/50\/revisions"}],"predecessor-version":[{"id":501,"href":"https:\/\/fittipaldigomara.com.br\/en\/wp-json\/wp\/v2\/pages\/50\/revisions\/501"}],"wp:featuredmedia":[{"embeddable":true,"href":"https:\/\/fittipaldigomara.com.br\/en\/wp-json\/wp\/v2\/media\/165"}],"wp:attachment":[{"href":"https:\/\/fittipaldigomara.com.br\/en\/wp-json\/wp\/v2\/media?parent=50"}],"curies":[{"name":"wp","href":"https:\/\/api.w.org\/{rel}","templated":true}]}}