{"id":48,"date":"2024-09-03T10:23:42","date_gmt":"2024-09-03T13:23:42","guid":{"rendered":"https:\/\/fittipaldigomara.com.br\/?page_id=48"},"modified":"2026-04-02T12:56:12","modified_gmt":"2026-04-02T15:56:12","slug":"home","status":"publish","type":"page","link":"https:\/\/fittipaldigomara.com.br\/en\/","title":{"rendered":"Your Strategic Partner in Employment &#038; Social Security Law"},"content":{"rendered":"<p><\/p>\n<h2>About Us<\/h2>\n<p><strong>We are a boutique law firm focused on employment and social security law.<\/strong><\/p>\n<p>Our mission is to deliver high-quality legal solutions to companies that are serious about building better workplaces. We take a hands-on, tailored approach to every matter. Our strength lies in combining technical expertise with close client relationships and a deep understanding of each business we work with.<\/p>\n<p>We are a partner that not only solves problems but also contributes to the growth and development of the businesses we serve.<\/p>","protected":false},"excerpt":{"rendered":"<p>About Us We are a boutique law firm focused on employment and social security law. Our mission is to deliver high-quality legal solutions to companies [&hellip;]<\/p>\n","protected":false},"author":1,"featured_media":170,"parent":0,"menu_order":0,"comment_status":"closed","ping_status":"closed","template":"index.php","meta":{"_acf_changed":false,"footnotes":""},"class_list":["post-48","page","type-page","status-publish","has-post-thumbnail","hentry"],"acf":[],"yoast_head":"<!-- This site is optimized with the Yoast SEO plugin v26.8 - https:\/\/yoast.com\/product\/yoast-seo-wordpress\/ -->\n<title>Fittipaldi G\u00f4mara<\/title>\n<meta name=\"description\" content=\"FittipaldiG\u00f4mara Advogados \u00e9 onde tradi\u00e7\u00e3o e inova\u00e7\u00e3o se encontram para criar uma advocacia trabalhista e previdenci\u00e1ria que exceda expectativas.\" \/>\n<meta name=\"robots\" content=\"index, follow, max-snippet:-1, max-image-preview:large, max-video-preview:-1\" \/>\n<link rel=\"canonical\" href=\"https:\/\/fittipaldigomara.com.br\/\" \/>\n<meta property=\"og:locale\" content=\"en_US\" \/>\n<meta property=\"og:type\" content=\"article\" \/>\n<meta property=\"og:title\" content=\"Fittipaldi G\u00f4mara\" \/>\n<meta property=\"og:description\" content=\"FittipaldiG\u00f4mara Advogados \u00e9 onde tradi\u00e7\u00e3o e inova\u00e7\u00e3o se encontram para criar uma advocacia trabalhista e previdenci\u00e1ria que exceda expectativas.\" \/>\n<meta property=\"og:url\" content=\"https:\/\/fittipaldigomara.com.br\/\" \/>\n<meta property=\"og:site_name\" content=\"Fittipaldi G\u00f4mara\" \/>\n<meta property=\"article:modified_time\" content=\"2026-04-02T15:56:12+00:00\" \/>\n<meta property=\"og:image\" content=\"https:\/\/fittipaldigomara.com.br\/wp-content\/uploads\/2024\/09\/homeFoto-1024x616.jpg\" \/>\n\t<meta property=\"og:image:width\" content=\"1024\" \/>\n\t<meta property=\"og:image:height\" content=\"616\" \/>\n\t<meta property=\"og:image:type\" content=\"image\/jpeg\" \/>\n<meta name=\"twitter:card\" content=\"summary_large_image\" \/>\n<meta name=\"twitter:label1\" content=\"Est. reading time\" \/>\n\t<meta name=\"twitter:data1\" content=\"1 minute\" \/>\n<script type=\"application\/ld+json\" class=\"yoast-schema-graph\">{\"@context\":\"https:\/\/schema.org\",\"@graph\":[{\"@type\":\"WebPage\",\"@id\":\"https:\/\/fittipaldigomara.com.br\/\",\"url\":\"https:\/\/fittipaldigomara.com.br\/\",\"name\":\"Fittipaldi G\u00f4mara\",\"isPartOf\":{\"@id\":\"https:\/\/fittipaldigomara.com.br\/en\/#website\"},\"primaryImageOfPage\":{\"@id\":\"https:\/\/fittipaldigomara.com.br\/#primaryimage\"},\"image\":{\"@id\":\"https:\/\/fittipaldigomara.com.br\/#primaryimage\"},\"thumbnailUrl\":\"https:\/\/fittipaldigomara.com.br\/wp-content\/uploads\/2024\/09\/homeFoto.jpg\",\"datePublished\":\"2024-09-03T13:23:42+00:00\",\"dateModified\":\"2026-04-02T15:56:12+00:00\",\"description\":\"FittipaldiG\u00f4mara Advogados \u00e9 onde tradi\u00e7\u00e3o e inova\u00e7\u00e3o se encontram para criar uma advocacia trabalhista e previdenci\u00e1ria que exceda expectativas.\",\"breadcrumb\":{\"@id\":\"https:\/\/fittipaldigomara.com.br\/#breadcrumb\"},\"inLanguage\":\"en-US\",\"potentialAction\":[{\"@type\":\"ReadAction\",\"target\":[\"https:\/\/fittipaldigomara.com.br\/\"]}]},{\"@type\":\"ImageObject\",\"inLanguage\":\"en-US\",\"@id\":\"https:\/\/fittipaldigomara.com.br\/#primaryimage\",\"url\":\"https:\/\/fittipaldigomara.com.br\/wp-content\/uploads\/2024\/09\/homeFoto.jpg\",\"contentUrl\":\"https:\/\/fittipaldigomara.com.br\/wp-content\/uploads\/2024\/09\/homeFoto.jpg\",\"width\":1921,\"height\":1156},{\"@type\":\"BreadcrumbList\",\"@id\":\"https:\/\/fittipaldigomara.com.br\/#breadcrumb\",\"itemListElement\":[{\"@type\":\"ListItem\",\"position\":1,\"name\":\"In\u00edcio\",\"item\":\"https:\/\/fittipaldigomara.com.br\/\"},{\"@type\":\"ListItem\",\"position\":2,\"name\":\"Seu aliado estrat\u00e9gico em advocacia Trabalhista e Previdenci\u00e1ria\"}]},{\"@type\":\"WebSite\",\"@id\":\"https:\/\/fittipaldigomara.com.br\/en\/#website\",\"url\":\"https:\/\/fittipaldigomara.com.br\/en\/\",\"name\":\"[:pb]Fittipaldi G\u00f4mara Advogados[:en]Fittipaldi G\u00f4mara[:]\",\"description\":\"\",\"publisher\":{\"@id\":\"https:\/\/fittipaldigomara.com.br\/en\/#organization\"},\"potentialAction\":[{\"@type\":\"SearchAction\",\"target\":{\"@type\":\"EntryPoint\",\"urlTemplate\":\"https:\/\/fittipaldigomara.com.br\/en\/?s={search_term_string}\"},\"query-input\":{\"@type\":\"PropertyValueSpecification\",\"valueRequired\":true,\"valueName\":\"search_term_string\"}}],\"inLanguage\":\"en-US\"},{\"@type\":\"Organization\",\"@id\":\"https:\/\/fittipaldigomara.com.br\/en\/#organization\",\"name\":\"[:pb]Fittipaldi G\u00f4mara Advogados[:en]Fittipaldi G\u00f4mara[:]\",\"url\":\"https:\/\/fittipaldigomara.com.br\/en\/\",\"logo\":{\"@type\":\"ImageObject\",\"inLanguage\":\"en-US\",\"@id\":\"https:\/\/fittipaldigomara.com.br\/en\/#\/schema\/logo\/image\/\",\"url\":\"https:\/\/fittipaldigomara.com.br\/wp-content\/uploads\/2024\/10\/logoFGAAtivo-3.png\",\"contentUrl\":\"https:\/\/fittipaldigomara.com.br\/wp-content\/uploads\/2024\/10\/logoFGAAtivo-3.png\",\"width\":229,\"height\":67,\"caption\":\"[:pb]Fittipaldi G\u00f4mara Advogados[:en]Fittipaldi G\u00f4mara[:]\"},\"image\":{\"@id\":\"https:\/\/fittipaldigomara.com.br\/en\/#\/schema\/logo\/image\/\"},\"sameAs\":[\"https:\/\/www.instagram.com\/fittipaldigomara\",\"https:\/\/www.linkedin.com\/company\/fittipaldigomara\/\"]}]}<\/script>\n<!-- \/ Yoast SEO plugin. -->","yoast_head_json":{"title":"Fittipaldi G\u00f4mara","description":"FittipaldiG\u00f4mara Advogados \u00e9 onde tradi\u00e7\u00e3o e inova\u00e7\u00e3o se encontram para criar uma advocacia trabalhista e previdenci\u00e1ria que exceda expectativas.","robots":{"index":"index","follow":"follow","max-snippet":"max-snippet:-1","max-image-preview":"max-image-preview:large","max-video-preview":"max-video-preview:-1"},"canonical":"https:\/\/fittipaldigomara.com.br\/","og_locale":"en_US","og_type":"article","og_title":"Fittipaldi G\u00f4mara","og_description":"FittipaldiG\u00f4mara Advogados \u00e9 onde tradi\u00e7\u00e3o e inova\u00e7\u00e3o se encontram para criar uma advocacia trabalhista e previdenci\u00e1ria que exceda expectativas.","og_url":"https:\/\/fittipaldigomara.com.br\/","og_site_name":"Fittipaldi G\u00f4mara","article_modified_time":"2026-04-02T15:56:12+00:00","og_image":[{"width":1024,"height":616,"url":"https:\/\/fittipaldigomara.com.br\/wp-content\/uploads\/2024\/09\/homeFoto-1024x616.jpg","type":"image\/jpeg"}],"twitter_card":"summary_large_image","twitter_misc":{"Est. reading time":"1 minute"},"schema":{"@context":"https:\/\/schema.org","@graph":[{"@type":"WebPage","@id":"https:\/\/fittipaldigomara.com.br\/","url":"https:\/\/fittipaldigomara.com.br\/","name":"Fittipaldi G\u00f4mara","isPartOf":{"@id":"https:\/\/fittipaldigomara.com.br\/en\/#website"},"primaryImageOfPage":{"@id":"https:\/\/fittipaldigomara.com.br\/#primaryimage"},"image":{"@id":"https:\/\/fittipaldigomara.com.br\/#primaryimage"},"thumbnailUrl":"https:\/\/fittipaldigomara.com.br\/wp-content\/uploads\/2024\/09\/homeFoto.jpg","datePublished":"2024-09-03T13:23:42+00:00","dateModified":"2026-04-02T15:56:12+00:00","description":"FittipaldiG\u00f4mara Advogados \u00e9 onde tradi\u00e7\u00e3o e inova\u00e7\u00e3o se encontram para criar uma advocacia trabalhista e previdenci\u00e1ria que exceda expectativas.","breadcrumb":{"@id":"https:\/\/fittipaldigomara.com.br\/#breadcrumb"},"inLanguage":"en-US","potentialAction":[{"@type":"ReadAction","target":["https:\/\/fittipaldigomara.com.br\/"]}]},{"@type":"ImageObject","inLanguage":"en-US","@id":"https:\/\/fittipaldigomara.com.br\/#primaryimage","url":"https:\/\/fittipaldigomara.com.br\/wp-content\/uploads\/2024\/09\/homeFoto.jpg","contentUrl":"https:\/\/fittipaldigomara.com.br\/wp-content\/uploads\/2024\/09\/homeFoto.jpg","width":1921,"height":1156},{"@type":"BreadcrumbList","@id":"https:\/\/fittipaldigomara.com.br\/#breadcrumb","itemListElement":[{"@type":"ListItem","position":1,"name":"In\u00edcio","item":"https:\/\/fittipaldigomara.com.br\/"},{"@type":"ListItem","position":2,"name":"Seu aliado estrat\u00e9gico em advocacia Trabalhista e Previdenci\u00e1ria"}]},{"@type":"WebSite","@id":"https:\/\/fittipaldigomara.com.br\/en\/#website","url":"https:\/\/fittipaldigomara.com.br\/en\/","name":"[:pb]Fittipaldi G\u00f4mara Advogados[:en]Fittipaldi G\u00f4mara[:]","description":"","publisher":{"@id":"https:\/\/fittipaldigomara.com.br\/en\/#organization"},"potentialAction":[{"@type":"SearchAction","target":{"@type":"EntryPoint","urlTemplate":"https:\/\/fittipaldigomara.com.br\/en\/?s={search_term_string}"},"query-input":{"@type":"PropertyValueSpecification","valueRequired":true,"valueName":"search_term_string"}}],"inLanguage":"en-US"},{"@type":"Organization","@id":"https:\/\/fittipaldigomara.com.br\/en\/#organization","name":"[:pb]Fittipaldi G\u00f4mara Advogados[:en]Fittipaldi G\u00f4mara[:]","url":"https:\/\/fittipaldigomara.com.br\/en\/","logo":{"@type":"ImageObject","inLanguage":"en-US","@id":"https:\/\/fittipaldigomara.com.br\/en\/#\/schema\/logo\/image\/","url":"https:\/\/fittipaldigomara.com.br\/wp-content\/uploads\/2024\/10\/logoFGAAtivo-3.png","contentUrl":"https:\/\/fittipaldigomara.com.br\/wp-content\/uploads\/2024\/10\/logoFGAAtivo-3.png","width":229,"height":67,"caption":"[:pb]Fittipaldi G\u00f4mara Advogados[:en]Fittipaldi G\u00f4mara[:]"},"image":{"@id":"https:\/\/fittipaldigomara.com.br\/en\/#\/schema\/logo\/image\/"},"sameAs":["https:\/\/www.instagram.com\/fittipaldigomara","https:\/\/www.linkedin.com\/company\/fittipaldigomara\/"]}]}},"_links":{"self":[{"href":"https:\/\/fittipaldigomara.com.br\/en\/wp-json\/wp\/v2\/pages\/48","targetHints":{"allow":["GET"]}}],"collection":[{"href":"https:\/\/fittipaldigomara.com.br\/en\/wp-json\/wp\/v2\/pages"}],"about":[{"href":"https:\/\/fittipaldigomara.com.br\/en\/wp-json\/wp\/v2\/types\/page"}],"author":[{"embeddable":true,"href":"https:\/\/fittipaldigomara.com.br\/en\/wp-json\/wp\/v2\/users\/1"}],"replies":[{"embeddable":true,"href":"https:\/\/fittipaldigomara.com.br\/en\/wp-json\/wp\/v2\/comments?post=48"}],"version-history":[{"count":6,"href":"https:\/\/fittipaldigomara.com.br\/en\/wp-json\/wp\/v2\/pages\/48\/revisions"}],"predecessor-version":[{"id":495,"href":"https:\/\/fittipaldigomara.com.br\/en\/wp-json\/wp\/v2\/pages\/48\/revisions\/495"}],"wp:featuredmedia":[{"embeddable":true,"href":"https:\/\/fittipaldigomara.com.br\/en\/wp-json\/wp\/v2\/media\/170"}],"wp:attachment":[{"href":"https:\/\/fittipaldigomara.com.br\/en\/wp-json\/wp\/v2\/media?parent=48"}],"curies":[{"name":"wp","href":"https:\/\/api.w.org\/{rel}","templated":true}]}}