{"id":136,"date":"2024-09-03T18:38:43","date_gmt":"2024-09-03T21:38:43","guid":{"rendered":"https:\/\/fittipaldigomara.com.br\/?page_id=136"},"modified":"2026-04-14T11:00:25","modified_gmt":"2026-04-14T14:00:25","slug":"trabalhe-conosco","status":"publish","type":"page","link":"https:\/\/fittipaldigomara.com.br\/en\/trabalhe-conosco\/","title":{"rendered":"Join Our Team"},"content":{"rendered":"<p>If you identify with our values and wish to be part of our team, send your resume and a cover letter to: <a href=\"mailto:recrutamento@fittipaldigomara.com.br\">recrutamento@fittipaldigomara.com.br\u2028\u2028<\/a><\/p>\n<p>Or fill out the form below and attach your resume and cover letter. Our team will review your application and reach out should your profile align with our current opportunities.<\/p>","protected":false},"excerpt":{"rendered":"<p>We believe our greatest asset is our people. We value diversity, innovation, and the ongoing development of our team.<br \/>\n\u00a0<br \/>\nIf you are looking for a dynamic and collaborative environment with real opportunities for professional growth and want to make a difference, send us your resume.<\/p>\n","protected":false},"author":1,"featured_media":162,"parent":0,"menu_order":0,"comment_status":"closed","ping_status":"closed","template":"page-trabalhe.php","meta":{"_acf_changed":false,"footnotes":""},"class_list":["post-136","page","type-page","status-publish","has-post-thumbnail","hentry"],"acf":[],"yoast_head":"<!-- This site is optimized with the Yoast SEO plugin v26.8 - https:\/\/yoast.com\/product\/yoast-seo-wordpress\/ -->\n<title>Join Our Team - Fittipaldi G\u00f4mara<\/title>\n<meta name=\"robots\" content=\"index, follow, max-snippet:-1, max-image-preview:large, max-video-preview:-1\" \/>\n<link rel=\"canonical\" href=\"https:\/\/fittipaldigomara.com.br\/trabalhe-conosco\/\" \/>\n<meta property=\"og:locale\" content=\"en_US\" \/>\n<meta property=\"og:type\" content=\"article\" \/>\n<meta property=\"og:title\" content=\"[:pb]Trabalhe conosco[:en]Join Our Team[:] - Fittipaldi G\u00f4mara\" \/>\n<meta property=\"og:description\" content=\"[:pb]Acreditamos que nosso maior patrim\u00f4nio s\u00e3o as pessoas. Valorizamos a diversidade, a inova\u00e7\u00e3o e o desenvolvimento cont\u00ednuo de nossos colaboradores. \u00a0 Se voc\u00ea busca um ambiente din\u00e2mico, colaborativo e repleto de oportunidades para crescimento profissional e quer fazer a diferen\u00e7a, envie seu curr\u00edculo para n\u00f3s.[:en]We believe our greatest asset is our people. We value diversity, innovation, and the ongoing development of our team. \u00a0 If you are looking for a dynamic and collaborative environment with real opportunities for professional growth and want to make a difference, send us your resume.[:]\" \/>\n<meta property=\"og:url\" content=\"https:\/\/fittipaldigomara.com.br\/trabalhe-conosco\/\" \/>\n<meta property=\"og:site_name\" content=\"Fittipaldi G\u00f4mara\" \/>\n<meta property=\"article:modified_time\" content=\"2026-04-14T14:00:25+00:00\" \/>\n<meta property=\"og:image\" content=\"https:\/\/fittipaldigomara.com.br\/wp-content\/uploads\/2024\/09\/Trabalhe-Conosco.png\" \/>\n\t<meta property=\"og:image:width\" content=\"651\" \/>\n\t<meta property=\"og:image:height\" content=\"1081\" \/>\n\t<meta property=\"og:image:type\" content=\"image\/png\" \/>\n<meta name=\"twitter:card\" content=\"summary_large_image\" \/>\n<meta name=\"twitter:label1\" content=\"Est. reading time\" \/>\n\t<meta name=\"twitter:data1\" content=\"1 minute\" \/>\n<script type=\"application\/ld+json\" class=\"yoast-schema-graph\">{\"@context\":\"https:\/\/schema.org\",\"@graph\":[{\"@type\":\"WebPage\",\"@id\":\"https:\/\/fittipaldigomara.com.br\/trabalhe-conosco\/\",\"url\":\"https:\/\/fittipaldigomara.com.br\/trabalhe-conosco\/\",\"name\":\"[:pb]Trabalhe conosco[:en]Join Our Team[:] - Fittipaldi G\u00f4mara\",\"isPartOf\":{\"@id\":\"https:\/\/fittipaldigomara.com.br\/en\/#website\"},\"primaryImageOfPage\":{\"@id\":\"https:\/\/fittipaldigomara.com.br\/trabalhe-conosco\/#primaryimage\"},\"image\":{\"@id\":\"https:\/\/fittipaldigomara.com.br\/trabalhe-conosco\/#primaryimage\"},\"thumbnailUrl\":\"https:\/\/fittipaldigomara.com.br\/wp-content\/uploads\/2024\/09\/Trabalhe-Conosco.png\",\"datePublished\":\"2024-09-03T21:38:43+00:00\",\"dateModified\":\"2026-04-14T14:00:25+00:00\",\"breadcrumb\":{\"@id\":\"https:\/\/fittipaldigomara.com.br\/trabalhe-conosco\/#breadcrumb\"},\"inLanguage\":\"en-US\",\"potentialAction\":[{\"@type\":\"ReadAction\",\"target\":[\"https:\/\/fittipaldigomara.com.br\/trabalhe-conosco\/\"]}]},{\"@type\":\"ImageObject\",\"inLanguage\":\"en-US\",\"@id\":\"https:\/\/fittipaldigomara.com.br\/trabalhe-conosco\/#primaryimage\",\"url\":\"https:\/\/fittipaldigomara.com.br\/wp-content\/uploads\/2024\/09\/Trabalhe-Conosco.png\",\"contentUrl\":\"https:\/\/fittipaldigomara.com.br\/wp-content\/uploads\/2024\/09\/Trabalhe-Conosco.png\",\"width\":651,\"height\":1081},{\"@type\":\"BreadcrumbList\",\"@id\":\"https:\/\/fittipaldigomara.com.br\/trabalhe-conosco\/#breadcrumb\",\"itemListElement\":[{\"@type\":\"ListItem\",\"position\":1,\"name\":\"In\u00edcio\",\"item\":\"https:\/\/fittipaldigomara.com.br\/\"},{\"@type\":\"ListItem\",\"position\":2,\"name\":\"Trabalhe conosco\"}]},{\"@type\":\"WebSite\",\"@id\":\"https:\/\/fittipaldigomara.com.br\/en\/#website\",\"url\":\"https:\/\/fittipaldigomara.com.br\/en\/\",\"name\":\"[:pb]Fittipaldi G\u00f4mara Advogados[:en]Fittipaldi G\u00f4mara[:]\",\"description\":\"\",\"publisher\":{\"@id\":\"https:\/\/fittipaldigomara.com.br\/en\/#organization\"},\"potentialAction\":[{\"@type\":\"SearchAction\",\"target\":{\"@type\":\"EntryPoint\",\"urlTemplate\":\"https:\/\/fittipaldigomara.com.br\/en\/?s={search_term_string}\"},\"query-input\":{\"@type\":\"PropertyValueSpecification\",\"valueRequired\":true,\"valueName\":\"search_term_string\"}}],\"inLanguage\":\"en-US\"},{\"@type\":\"Organization\",\"@id\":\"https:\/\/fittipaldigomara.com.br\/en\/#organization\",\"name\":\"[:pb]Fittipaldi G\u00f4mara Advogados[:en]Fittipaldi G\u00f4mara[:]\",\"url\":\"https:\/\/fittipaldigomara.com.br\/en\/\",\"logo\":{\"@type\":\"ImageObject\",\"inLanguage\":\"en-US\",\"@id\":\"https:\/\/fittipaldigomara.com.br\/en\/#\/schema\/logo\/image\/\",\"url\":\"https:\/\/fittipaldigomara.com.br\/wp-content\/uploads\/2024\/10\/logoFGAAtivo-3.png\",\"contentUrl\":\"https:\/\/fittipaldigomara.com.br\/wp-content\/uploads\/2024\/10\/logoFGAAtivo-3.png\",\"width\":229,\"height\":67,\"caption\":\"[:pb]Fittipaldi G\u00f4mara Advogados[:en]Fittipaldi G\u00f4mara[:]\"},\"image\":{\"@id\":\"https:\/\/fittipaldigomara.com.br\/en\/#\/schema\/logo\/image\/\"},\"sameAs\":[\"https:\/\/www.instagram.com\/fittipaldigomara\",\"https:\/\/www.linkedin.com\/company\/fittipaldigomara\/\"]}]}<\/script>\n<!-- \/ Yoast SEO plugin. -->","yoast_head_json":{"title":"[:pb]Trabalhe conosco[:en]Join Our Team[:] - Fittipaldi G\u00f4mara","robots":{"index":"index","follow":"follow","max-snippet":"max-snippet:-1","max-image-preview":"max-image-preview:large","max-video-preview":"max-video-preview:-1"},"canonical":"https:\/\/fittipaldigomara.com.br\/trabalhe-conosco\/","og_locale":"en_US","og_type":"article","og_title":"[:pb]Trabalhe conosco[:en]Join Our Team[:] - Fittipaldi G\u00f4mara","og_description":"[:pb]Acreditamos que nosso maior patrim\u00f4nio s\u00e3o as pessoas. Valorizamos a diversidade, a inova\u00e7\u00e3o e o desenvolvimento cont\u00ednuo de nossos colaboradores. \u00a0 Se voc\u00ea busca um ambiente din\u00e2mico, colaborativo e repleto de oportunidades para crescimento profissional e quer fazer a diferen\u00e7a, envie seu curr\u00edculo para n\u00f3s.[:en]We believe our greatest asset is our people. We value diversity, innovation, and the ongoing development of our team. \u00a0 If you are looking for a dynamic and collaborative environment with real opportunities for professional growth and want to make a difference, send us your resume.[:]","og_url":"https:\/\/fittipaldigomara.com.br\/trabalhe-conosco\/","og_site_name":"Fittipaldi G\u00f4mara","article_modified_time":"2026-04-14T14:00:25+00:00","og_image":[{"width":651,"height":1081,"url":"https:\/\/fittipaldigomara.com.br\/wp-content\/uploads\/2024\/09\/Trabalhe-Conosco.png","type":"image\/png"}],"twitter_card":"summary_large_image","twitter_misc":{"Est. reading time":"1 minute"},"schema":{"@context":"https:\/\/schema.org","@graph":[{"@type":"WebPage","@id":"https:\/\/fittipaldigomara.com.br\/trabalhe-conosco\/","url":"https:\/\/fittipaldigomara.com.br\/trabalhe-conosco\/","name":"[:pb]Trabalhe conosco[:en]Join Our Team[:] - Fittipaldi G\u00f4mara","isPartOf":{"@id":"https:\/\/fittipaldigomara.com.br\/en\/#website"},"primaryImageOfPage":{"@id":"https:\/\/fittipaldigomara.com.br\/trabalhe-conosco\/#primaryimage"},"image":{"@id":"https:\/\/fittipaldigomara.com.br\/trabalhe-conosco\/#primaryimage"},"thumbnailUrl":"https:\/\/fittipaldigomara.com.br\/wp-content\/uploads\/2024\/09\/Trabalhe-Conosco.png","datePublished":"2024-09-03T21:38:43+00:00","dateModified":"2026-04-14T14:00:25+00:00","breadcrumb":{"@id":"https:\/\/fittipaldigomara.com.br\/trabalhe-conosco\/#breadcrumb"},"inLanguage":"en-US","potentialAction":[{"@type":"ReadAction","target":["https:\/\/fittipaldigomara.com.br\/trabalhe-conosco\/"]}]},{"@type":"ImageObject","inLanguage":"en-US","@id":"https:\/\/fittipaldigomara.com.br\/trabalhe-conosco\/#primaryimage","url":"https:\/\/fittipaldigomara.com.br\/wp-content\/uploads\/2024\/09\/Trabalhe-Conosco.png","contentUrl":"https:\/\/fittipaldigomara.com.br\/wp-content\/uploads\/2024\/09\/Trabalhe-Conosco.png","width":651,"height":1081},{"@type":"BreadcrumbList","@id":"https:\/\/fittipaldigomara.com.br\/trabalhe-conosco\/#breadcrumb","itemListElement":[{"@type":"ListItem","position":1,"name":"In\u00edcio","item":"https:\/\/fittipaldigomara.com.br\/"},{"@type":"ListItem","position":2,"name":"Trabalhe conosco"}]},{"@type":"WebSite","@id":"https:\/\/fittipaldigomara.com.br\/en\/#website","url":"https:\/\/fittipaldigomara.com.br\/en\/","name":"[:pb]Fittipaldi G\u00f4mara Advogados[:en]Fittipaldi G\u00f4mara[:]","description":"","publisher":{"@id":"https:\/\/fittipaldigomara.com.br\/en\/#organization"},"potentialAction":[{"@type":"SearchAction","target":{"@type":"EntryPoint","urlTemplate":"https:\/\/fittipaldigomara.com.br\/en\/?s={search_term_string}"},"query-input":{"@type":"PropertyValueSpecification","valueRequired":true,"valueName":"search_term_string"}}],"inLanguage":"en-US"},{"@type":"Organization","@id":"https:\/\/fittipaldigomara.com.br\/en\/#organization","name":"[:pb]Fittipaldi G\u00f4mara Advogados[:en]Fittipaldi G\u00f4mara[:]","url":"https:\/\/fittipaldigomara.com.br\/en\/","logo":{"@type":"ImageObject","inLanguage":"en-US","@id":"https:\/\/fittipaldigomara.com.br\/en\/#\/schema\/logo\/image\/","url":"https:\/\/fittipaldigomara.com.br\/wp-content\/uploads\/2024\/10\/logoFGAAtivo-3.png","contentUrl":"https:\/\/fittipaldigomara.com.br\/wp-content\/uploads\/2024\/10\/logoFGAAtivo-3.png","width":229,"height":67,"caption":"[:pb]Fittipaldi G\u00f4mara Advogados[:en]Fittipaldi G\u00f4mara[:]"},"image":{"@id":"https:\/\/fittipaldigomara.com.br\/en\/#\/schema\/logo\/image\/"},"sameAs":["https:\/\/www.instagram.com\/fittipaldigomara","https:\/\/www.linkedin.com\/company\/fittipaldigomara\/"]}]}},"_links":{"self":[{"href":"https:\/\/fittipaldigomara.com.br\/en\/wp-json\/wp\/v2\/pages\/136","targetHints":{"allow":["GET"]}}],"collection":[{"href":"https:\/\/fittipaldigomara.com.br\/en\/wp-json\/wp\/v2\/pages"}],"about":[{"href":"https:\/\/fittipaldigomara.com.br\/en\/wp-json\/wp\/v2\/types\/page"}],"author":[{"embeddable":true,"href":"https:\/\/fittipaldigomara.com.br\/en\/wp-json\/wp\/v2\/users\/1"}],"replies":[{"embeddable":true,"href":"https:\/\/fittipaldigomara.com.br\/en\/wp-json\/wp\/v2\/comments?post=136"}],"version-history":[{"count":8,"href":"https:\/\/fittipaldigomara.com.br\/en\/wp-json\/wp\/v2\/pages\/136\/revisions"}],"predecessor-version":[{"id":510,"href":"https:\/\/fittipaldigomara.com.br\/en\/wp-json\/wp\/v2\/pages\/136\/revisions\/510"}],"wp:featuredmedia":[{"embeddable":true,"href":"https:\/\/fittipaldigomara.com.br\/en\/wp-json\/wp\/v2\/media\/162"}],"wp:attachment":[{"href":"https:\/\/fittipaldigomara.com.br\/en\/wp-json\/wp\/v2\/media?parent=136"}],"curies":[{"name":"wp","href":"https:\/\/api.w.org\/{rel}","templated":true}]}}